{"id":3340,"date":"2026-04-11T12:35:47","date_gmt":"2026-04-11T12:35:47","guid":{"rendered":"https:\/\/shanthony.com\/?page_id=3340"},"modified":"2026-04-11T20:25:39","modified_gmt":"2026-04-11T20:25:39","slug":"work","status":"publish","type":"page","link":"https:\/\/shanthony.com\/fr\/work\/","title":{"rendered":"Portfolio"},"content":{"rendered":"<div class=\"et_pb_section_0 et_pb_section et_section_regular et_block_section\">\n<div class=\"et_pb_row_0 et_pb_row et_flex_row\">\n<div class=\"et_pb_column_0 et_pb_column et-last-child et_flex_column et_pb_css_mix_blend_mode_passthrough et_flex_column_24_24 et_flex_column_24_24_tablet et_flex_column_24_24_phone\">\n<div class=\"et_pb_text_0 et_pb_text et_pb_bg_layout_light et_pb_module et_flex_module preset--module--divi-text--xx5it7z9k9\"><div class=\"et_pb_text_inner\"><h1>Portfolio<\/h1>\n<\/div><\/div>\n<\/div>\n<\/div>\n\n<div class=\"et_pb_row_1 et_pb_row et_flex_row\">\n<div class=\"et_pb_column_1 et_pb_column et_flex_column et_pb_css_mix_blend_mode_passthrough et_flex_column_2_5 et_flex_column_2_5_tablet et_flex_column_24_24_phone\">\n<div class=\"et_pb_text_1 et_pb_text et_pb_bg_layout_light et_pb_module et_block_module\"><div class=\"et_pb_text_inner\"><p><!-- wp:divi\/placeholder \/--><\/p>\n<\/div><\/div>\n\n<div class=\"et_pb_text_2 et_pb_text et_pb_bg_layout_light et_pb_module et_flex_module preset--module--divi-text--xx5it7z9k9\"><div class=\"et_pb_text_inner\"><p>J'adore le processus cr\u00e9atif, et celui-ci ne se limite \u00e0 aucun support particulier. Mon approche consiste avant tout \u00e0 privil\u00e9gier le contenu, puis \u00e0 choisir le support visuel qui mettra le mieux en valeur votre message unique.<\/p>\n<p>When I collaborate with my clients, I see them as my creative partners with a goal to make your message shine and resonate in a way that really connects with your audience.<\/p>\n<\/div><\/div>\n<\/div>\n\n<div class=\"et_pb_column_2 et_pb_column et-last-child et_flex_column et_pb_css_mix_blend_mode_passthrough et_flex_column_3_5 et_flex_column_3_5_tablet et_flex_column_24_24_phone\">\n<div class=\"et_pb_text_3 et_pb_text et_pb_bg_layout_light et_pb_module et_block_module\"><div class=\"et_pb_text_inner\"><p><!-- wp:divi\/placeholder \/--><\/p>\n<\/div><\/div>\n\n<div class=\"et_pb_text_4 et_pb_text et_pb_bg_layout_light et_clickable et_pb_module et_flex_module preset--module--divi-text--miebic4wad\"><div class=\"et_pb_text_inner\"><p>Art et Direction Artistique<\/p>\n<\/div><\/div>\n\n<div class=\"et_pb_text_5 et_pb_text et_pb_bg_layout_light et_clickable et_pb_module et_flex_module preset--module--divi-text--miebic4wad\"><div class=\"et_pb_text_inner\"><p>Strat\u00e9gie de marque<\/p>\n<\/div><\/div>\n\n<div class=\"et_pb_text_6 et_pb_text et_pb_bg_layout_light et_clickable et_pb_module et_flex_module preset--module--divi-text--miebic4wad\"><div class=\"et_pb_text_inner\"><p>Num\u00e9rique<\/p>\n<\/div><\/div>\n\n<div class=\"et_pb_text_7 et_pb_text et_pb_bg_layout_light et_clickable et_pb_module et_flex_module preset--module--divi-text--miebic4wad\"><div class=\"et_pb_text_inner\"><p>Illustration<\/p>\n<\/div><\/div>\n\n<div class=\"et_pb_text_8 et_pb_text et_pb_bg_layout_light et_clickable et_pb_module et_flex_module preset--module--divi-text--miebic4wad\"><div class=\"et_pb_text_inner\"><p>Conception Graphique<\/p>\n<\/div><\/div>\n\n<div class=\"et_pb_text_9 et_pb_text et_pb_bg_layout_light et_clickable et_pb_module et_flex_module preset--module--divi-text--miebic4wad\"><div class=\"et_pb_text_inner\"><p>Vid\u00e9o<\/p>\n<\/div><\/div>\n<\/div>\n<\/div>\n\n<div class=\"et_pb_row_2 et_pb_row et_flex_row\">\n<div class=\"et_pb_column_3 et_pb_column et-last-child et_flex_column et_pb_css_mix_blend_mode_passthrough et_flex_column_24_24 et_flex_column_24_24_tablet et_flex_column_24_24_phone\">\n<div class=\"et_pb_text_10 et_pb_text et_pb_bg_layout_light et_pb_module et_flex_module preset--module--divi-text--xx5it7z9k9\"><div class=\"et_pb_text_inner\"><h2>Projects<\/h2>\n<\/div><\/div>\n\n<div class=\"et_pb_group_0 et_pb_group et-last-child et_pb_module et_flex_group et_pb_css_mix_blend_mode_passthrough\">\n<div class=\"et_pb_row_3 et_pb_row et_pb_row_nested et_flex_row\">\n<div class=\"et_pb_column_4 et_pb_column et_flex_column et_pb_css_mix_blend_mode_passthrough et_flex_column_12_24 et_flex_column_12_24_tablet et_flex_column_24_24_phone\">\n<div class=\"et_pb_image_0 et_pb_image et_pb_module et_flex_module preset--module--divi-image--bswi0sqelq\"><a href=\"https:\/\/shanthony.com\/fr\/project\/the-sex-myth\/\"><span class=\"et_pb_image_wrap\"><img loading=\"lazy\" decoding=\"async\" src=\"https:\/\/shanthony.com\/wp-content\/uploads\/2026\/04\/CaseStudy_The-Sex-Myrh.png\" title=\"CaseStudy_The Sex Myrh\" width=\"1000\" height=\"1350\" srcset=\"https:\/\/shanthony.com\/wp-content\/uploads\/2026\/04\/CaseStudy_The-Sex-Myrh.png 1000w\" sizes=\"(max-width: 1000px) 100vw, 1000px\" class=\"wp-image-2794\" \/><\/span><\/a><\/div>\n<\/div>\n\n<div class=\"et_pb_column_5 et_pb_column et_flex_column et_pb_css_mix_blend_mode_passthrough et_flex_column_12_24 et_flex_column_12_24_tablet et_flex_column_24_24_phone\">\n<div class=\"et_pb_image_1 et_pb_image et_pb_module et_flex_module preset--module--divi-image--bswi0sqelq\"><a href=\"https:\/\/shanthony.com\/fr\/project\/light-and-seed\/\"><span class=\"et_pb_image_wrap\"><img loading=\"lazy\" decoding=\"async\" src=\"https:\/\/shanthony.com\/wp-content\/uploads\/2026\/04\/CaseStudy_Local-Progress.png\" title=\"CaseStudy_Local Progress\" width=\"1000\" height=\"1350\" srcset=\"https:\/\/shanthony.com\/wp-content\/uploads\/2026\/04\/CaseStudy_Local-Progress.png 1000w\" sizes=\"(max-width: 1000px) 100vw, 1000px\" class=\"wp-image-2797\" \/><\/span><\/a><\/div>\n<\/div>\n\n<div class=\"et_pb_column_6 et_pb_column et-last-child et_flex_column et_pb_css_mix_blend_mode_passthrough et_flex_column_12_24 et_flex_column_12_24_tablet et_flex_column_24_24_phone\">\n<div class=\"et_pb_image_2 et_pb_image et_pb_module et_flex_module preset--module--divi-image--bswi0sqelq\"><a href=\"https:\/\/shanthony.com\/fr\/project\/participatory-budgeting-handbook\/\"><span class=\"et_pb_image_wrap\"><img loading=\"lazy\" decoding=\"async\" src=\"https:\/\/shanthony.com\/wp-content\/uploads\/2026\/04\/CaseStudy_PBP.png\" title=\"CaseStudy_PBP\" width=\"1000\" height=\"1350\" srcset=\"https:\/\/shanthony.com\/wp-content\/uploads\/2026\/04\/CaseStudy_PBP.png 1000w\" sizes=\"(max-width: 1000px) 100vw, 1000px\" class=\"wp-image-2796\" \/><\/span><\/a><\/div>\n<\/div>\n<\/div>\n\n<div class=\"et_pb_row_4 et_pb_row et_pb_row_nested et_flex_row\">\n<div class=\"et_pb_column_7 et_pb_column et_flex_column et_pb_css_mix_blend_mode_passthrough et_flex_column_12_24 et_flex_column_12_24_tablet et_flex_column_24_24_phone\">\n<div class=\"et_pb_image_3 et_pb_image et_pb_module et_flex_module preset--module--divi-image--bswi0sqelq\"><a href=\"https:\/\/shanthony.com\/fr\/project\/local-progress\/\"><span class=\"et_pb_image_wrap\"><img loading=\"lazy\" decoding=\"async\" src=\"https:\/\/shanthony.com\/wp-content\/uploads\/2026\/04\/CaseStudy_Resouce-Generation.png\" title=\"CaseStudy_Resouce Generation\" width=\"1000\" height=\"1350\" srcset=\"https:\/\/shanthony.com\/wp-content\/uploads\/2026\/04\/CaseStudy_Resouce-Generation.png 1000w\" sizes=\"(max-width: 1000px) 100vw, 1000px\" class=\"wp-image-2795\" \/><\/span><\/a><\/div>\n<\/div>\n\n<div class=\"et_pb_column_8 et_pb_column et_flex_column et_pb_css_mix_blend_mode_passthrough et_flex_column_12_24 et_flex_column_12_24_tablet et_flex_column_24_24_phone\">\n<div class=\"et_pb_image_4 et_pb_image et_pb_module et_flex_module preset--module--divi-image--bswi0sqelq\"><a href=\"https:\/\/shanthony.com\/fr\/project\/resource-generation\/\"><span class=\"et_pb_image_wrap\"><img loading=\"lazy\" decoding=\"async\" src=\"https:\/\/shanthony.com\/wp-content\/uploads\/2026\/04\/CaseStudy_Light-and-Seed-.png\" title=\"CaseStudy_Light and Seed\" width=\"1000\" height=\"1350\" srcset=\"https:\/\/shanthony.com\/wp-content\/uploads\/2026\/04\/CaseStudy_Light-and-Seed-.png 1000w\" sizes=\"(max-width: 1000px) 100vw, 1000px\" class=\"wp-image-2798\" \/><\/span><\/a><\/div>\n<\/div>\n\n<div class=\"et_pb_column_9 et_pb_column et-last-child et_flex_column et_pb_css_mix_blend_mode_passthrough et_flex_column_12_24 et_flex_column_12_24_tablet et_flex_column_24_24_phone\">\n<div class=\"et_pb_image_5 et_pb_image et_pb_module et_flex_module preset--module--divi-image--bswi0sqelq\"><a href=\"https:\/\/shanthony.com\/fr\/project\/ucla-lppi\/\"><span class=\"et_pb_image_wrap\"><img loading=\"lazy\" decoding=\"async\" src=\"https:\/\/shanthony.com\/wp-content\/uploads\/2026\/04\/CaseStudy_LPPI.png\" title=\"CaseStudy_LPPI\" width=\"1000\" height=\"1350\" srcset=\"https:\/\/shanthony.com\/wp-content\/uploads\/2026\/04\/CaseStudy_LPPI.png 1000w\" sizes=\"(max-width: 1000px) 100vw, 1000px\" class=\"wp-image-2799\" \/><\/span><\/a><\/div>\n<\/div>\n<\/div>\n<\/div>\n<\/div>\n<\/div>\n<\/div>","protected":false},"excerpt":{"rendered":"","protected":false},"author":1,"featured_media":0,"parent":0,"menu_order":0,"comment_status":"closed","ping_status":"closed","template":"","meta":{"footnotes":""},"class_list":["post-3340","page","type-page","status-publish","hentry"],"_links":{"self":[{"href":"https:\/\/shanthony.com\/fr\/wp-json\/wp\/v2\/pages\/3340","targetHints":{"allow":["GET"]}}],"collection":[{"href":"https:\/\/shanthony.com\/fr\/wp-json\/wp\/v2\/pages"}],"about":[{"href":"https:\/\/shanthony.com\/fr\/wp-json\/wp\/v2\/types\/page"}],"author":[{"embeddable":true,"href":"https:\/\/shanthony.com\/fr\/wp-json\/wp\/v2\/users\/1"}],"replies":[{"embeddable":true,"href":"https:\/\/shanthony.com\/fr\/wp-json\/wp\/v2\/comments?post=3340"}],"version-history":[{"count":10,"href":"https:\/\/shanthony.com\/fr\/wp-json\/wp\/v2\/pages\/3340\/revisions"}],"predecessor-version":[{"id":3482,"href":"https:\/\/shanthony.com\/fr\/wp-json\/wp\/v2\/pages\/3340\/revisions\/3482"}],"wp:attachment":[{"href":"https:\/\/shanthony.com\/fr\/wp-json\/wp\/v2\/media?parent=3340"}],"curies":[{"name":"wp","href":"https:\/\/api.w.org\/{rel}","templated":true}]}}