{"id":2765,"date":"2026-04-08T14:06:28","date_gmt":"2026-04-08T14:06:28","guid":{"rendered":"https:\/\/shanthony.com\/?page_id=2765"},"modified":"2026-04-11T20:06:41","modified_gmt":"2026-04-11T20:06:41","slug":"home","status":"publish","type":"page","link":"https:\/\/shanthony.com\/fr\/","title":{"rendered":"Home"},"content":{"rendered":"<div class=\"et_pb_section_0 et_pb_section et_section_regular et_flex_section\">\n<div class=\"et_pb_row_0 et_pb_row et_flex_row\">\n<div class=\"et_pb_column_0 et_pb_column et-last-child et_flex_column et_pb_css_mix_blend_mode_passthrough et_flex_column_24_24 et_flex_column_24_24_tablet et_flex_column_24_24_phone\">\n<div class=\"et_pb_text_0 et_pb_text et_pb_bg_layout_light et_pb_module et_flex_module preset--module--divi-text--xx5it7z9k9\"><div class=\"et_pb_text_inner\"><h1>RENCONTREZ VOTRE<br \/>COUTEAU SUISSE CR\u00c9ATIF.<\/h1>\n<\/div><\/div>\n\n<div class=\"et_pb_text_1 et_pb_text et_pb_bg_layout_light et_pb_module et_flex_module preset--module--divi-text--xx5it7z9k9\"><div class=\"et_pb_text_inner\"><p>Salut ! Je suis Shanthony, artiste multim\u00e9dia avec plus de 15 ans d'exp\u00e9rience. J'aide mes clients \u00e0 combler le foss\u00e9 entre un probl\u00e8me et sa solution visuelle. Du branding \u00e0 la conception d'expositions, en passant par la cr\u00e9ation de syst\u00e8mes complets, je me sp\u00e9cialise dans les perspectives originales pour exprimer votre message de mani\u00e8re claire et cr\u00e9ative.<\/p>\n<\/div><\/div>\n<\/div>\n<\/div>\n<\/div>\n\n<div class=\"et_pb_section_1 et_pb_section et_section_regular et_flex_section\" id=\"work\">\n<div class=\"et_pb_row_1 et_pb_row et_flex_row\">\n<div class=\"et_pb_column_1 et_pb_column et-last-child et_flex_column et_pb_css_mix_blend_mode_passthrough et_flex_column_24_24 et_flex_column_24_24_tablet et_flex_column_24_24_phone\">\n<div class=\"et_pb_text_2 et_pb_text et_pb_bg_layout_light et_pb_module et_flex_module preset--module--divi-text--xx5it7z9k9\"><div class=\"et_pb_text_inner\"><h2>Mes Anciens Clients<\/h2>\n<\/div><\/div>\n\n<div class=\"et_pb_row_2 et_pb_row et_pb_row_nested et_flex_row\">\n<div class=\"et_pb_column_2 et_pb_column et_flex_column et_pb_css_mix_blend_mode_passthrough et_flex_column_1_5 et_flex_column_8_24_tablet et_flex_column_12_24_phone preset--module--divi-column--6vkmg3gxzk\">\n<div class=\"et_pb_image_0 et_pb_image et_pb_module et_flex_module preset--module--divi-image--dnpgnnu2ko\"><span class=\"et_pb_image_wrap\"><img loading=\"lazy\" decoding=\"async\" src=\"https:\/\/shanthony.com\/wp-content\/uploads\/2026\/04\/Logos_Local-Progress.png\" title=\"Logos_Local Progress\" width=\"1350\" height=\"1000\" srcset=\"https:\/\/shanthony.com\/wp-content\/uploads\/2026\/04\/Logos_Local-Progress.png 1350w\" sizes=\"(max-width: 1350px) 100vw, 1350px\" class=\"wp-image-2784\" \/><\/span><\/div>\n<\/div>\n\n<div class=\"et_pb_column_3 et_pb_column et_flex_column et_pb_css_mix_blend_mode_passthrough et_flex_column_1_5 et_flex_column_8_24_tablet et_flex_column_12_24_phone\">\n<div class=\"et_pb_image_1 et_pb_image et_pb_module et_flex_module\"><span class=\"et_pb_image_wrap\"><img loading=\"lazy\" decoding=\"async\" src=\"https:\/\/shanthony.com\/wp-content\/uploads\/2026\/04\/Logos_UCLA.png\" title=\"Logos_UCLA\" width=\"1350\" height=\"1000\" srcset=\"https:\/\/shanthony.com\/wp-content\/uploads\/2026\/04\/Logos_UCLA.png 1350w\" sizes=\"(max-width: 1350px) 100vw, 1350px\" class=\"wp-image-2785\" \/><\/span><\/div>\n<\/div>\n\n<div class=\"et_pb_column_4 et_pb_column et_flex_column et_pb_css_mix_blend_mode_passthrough et_flex_column_1_5 et_flex_column_8_24_tablet et_flex_column_12_24_phone\">\n<div class=\"et_pb_image_2 et_pb_image et_pb_module et_flex_module\"><span class=\"et_pb_image_wrap\"><img loading=\"lazy\" decoding=\"async\" src=\"https:\/\/shanthony.com\/wp-content\/uploads\/2026\/04\/Logos_North-Star-FUnd.png\" title=\"Logos_North Star FUnd\" width=\"1350\" height=\"1000\" srcset=\"https:\/\/shanthony.com\/wp-content\/uploads\/2026\/04\/Logos_North-Star-FUnd.png 1350w\" sizes=\"(max-width: 1350px) 100vw, 1350px\" class=\"wp-image-2786\" \/><\/span><\/div>\n<\/div>\n\n<div class=\"et_pb_column_5 et_pb_column et_flex_column et_pb_css_mix_blend_mode_passthrough et_flex_column_1_5 et_flex_column_8_24_tablet et_flex_column_12_24_phone\">\n<div class=\"et_pb_image_3 et_pb_image et_pb_module et_flex_module\"><span class=\"et_pb_image_wrap\"><img loading=\"lazy\" decoding=\"async\" src=\"https:\/\/shanthony.com\/wp-content\/uploads\/2026\/04\/Logos_National-Forest-Foundation.png\" title=\"Logos_National Forest Foundation\" width=\"1350\" height=\"1000\" srcset=\"https:\/\/shanthony.com\/wp-content\/uploads\/2026\/04\/Logos_National-Forest-Foundation.png 1350w\" sizes=\"(max-width: 1350px) 100vw, 1350px\" class=\"wp-image-2787\" \/><\/span><\/div>\n<\/div>\n\n<div class=\"et_pb_column_6 et_pb_column et_flex_column et_pb_css_mix_blend_mode_passthrough et_flex_column_1_5 et_flex_column_8_24_tablet et_flex_column_12_24_phone\">\n<div class=\"et_pb_image_4 et_pb_image et_pb_module et_flex_module\"><span class=\"et_pb_image_wrap\"><img loading=\"lazy\" decoding=\"async\" src=\"https:\/\/shanthony.com\/wp-content\/uploads\/2026\/04\/Logos_MacArthure-Foundation.png\" title=\"Logos_MacArthure Foundation\" width=\"1350\" height=\"1000\" srcset=\"https:\/\/shanthony.com\/wp-content\/uploads\/2026\/04\/Logos_MacArthure-Foundation.png 1350w\" sizes=\"(max-width: 1350px) 100vw, 1350px\" class=\"wp-image-2788\" \/><\/span><\/div>\n<\/div>\n\n<div class=\"et_pb_column_7 et_pb_column et-last-child et_flex_column et_pb_css_mix_blend_mode_passthrough et_flex_column_1_5 et_flex_column_8_24_tablet et_flex_column_12_24_phone\">\n<div class=\"et_pb_image_5 et_pb_image et_pb_module et_flex_module\"><span class=\"et_pb_image_wrap\"><img loading=\"lazy\" decoding=\"async\" src=\"https:\/\/shanthony.com\/wp-content\/uploads\/2026\/04\/Logos_MTV.png\" title=\"Logos_MTV\" width=\"1350\" height=\"1000\" srcset=\"https:\/\/shanthony.com\/wp-content\/uploads\/2026\/04\/Logos_MTV.png 1350w\" sizes=\"(max-width: 1350px) 100vw, 1350px\" class=\"wp-image-2789\" \/><\/span><\/div>\n<\/div>\n<\/div>\n<\/div>\n<\/div>\n\n<div class=\"et_pb_row_3 et_pb_row et_flex_row\">\n<div class=\"et_pb_column_8 et_pb_column et-last-child et_flex_column et_pb_css_mix_blend_mode_passthrough et_flex_column_24_24 et_flex_column_24_24_tablet et_flex_column_24_24_phone\">\n<div class=\"et_pb_text_3 et_pb_text et_pb_bg_layout_light et_pb_module et_flex_module preset--module--divi-text--xx5it7z9k9\"><div class=\"et_pb_text_inner\"><h2>Projects<\/h2>\n<\/div><\/div>\n\n<div class=\"et_pb_group_0 et_pb_group et-last-child et_pb_module et_flex_group et_pb_css_mix_blend_mode_passthrough\">\n<div class=\"et_pb_row_4 et_pb_row et_pb_row_nested et_flex_row\">\n<div class=\"et_pb_column_9 et_pb_column et_flex_column et_pb_css_mix_blend_mode_passthrough et_flex_column_12_24 et_flex_column_12_24_tablet et_flex_column_24_24_phone\">\n<div class=\"et_pb_image_6 et_pb_image et_pb_module et_flex_module preset--module--divi-image--bswi0sqelq\"><a href=\"https:\/\/shanthony.com\/fr\/project\/the-sex-myth\/\"><span class=\"et_pb_image_wrap\"><img loading=\"lazy\" decoding=\"async\" src=\"https:\/\/shanthony.com\/wp-content\/uploads\/2026\/04\/CaseStudy_The-Sex-Myrh.png\" title=\"CaseStudy_The Sex Myrh\" width=\"1000\" height=\"1350\" srcset=\"https:\/\/shanthony.com\/wp-content\/uploads\/2026\/04\/CaseStudy_The-Sex-Myrh.png 1000w\" sizes=\"(max-width: 1000px) 100vw, 1000px\" class=\"wp-image-2794\" \/><\/span><\/a><\/div>\n<\/div>\n\n<div class=\"et_pb_column_10 et_pb_column et_flex_column et_pb_css_mix_blend_mode_passthrough et_flex_column_12_24 et_flex_column_12_24_tablet et_flex_column_24_24_phone\">\n<div class=\"et_pb_image_7 et_pb_image et_pb_module et_flex_module preset--module--divi-image--bswi0sqelq\"><a href=\"https:\/\/shanthony.com\/fr\/project\/light-and-seed\/\"><span class=\"et_pb_image_wrap\"><img loading=\"lazy\" decoding=\"async\" src=\"https:\/\/shanthony.com\/wp-content\/uploads\/2026\/04\/CaseStudy_Local-Progress.png\" title=\"CaseStudy_Local Progress\" width=\"1000\" height=\"1350\" srcset=\"https:\/\/shanthony.com\/wp-content\/uploads\/2026\/04\/CaseStudy_Local-Progress.png 1000w\" sizes=\"(max-width: 1000px) 100vw, 1000px\" class=\"wp-image-2797\" \/><\/span><\/a><\/div>\n<\/div>\n\n<div class=\"et_pb_column_11 et_pb_column et-last-child et_flex_column et_pb_css_mix_blend_mode_passthrough et_flex_column_12_24 et_flex_column_12_24_tablet et_flex_column_24_24_phone\">\n<div class=\"et_pb_image_8 et_pb_image et_pb_module et_flex_module preset--module--divi-image--bswi0sqelq\"><a href=\"https:\/\/shanthony.com\/fr\/project\/participatory-budgeting-handbook\/\"><span class=\"et_pb_image_wrap\"><img loading=\"lazy\" decoding=\"async\" src=\"https:\/\/shanthony.com\/wp-content\/uploads\/2026\/04\/CaseStudy_PBP.png\" title=\"CaseStudy_PBP\" width=\"1000\" height=\"1350\" srcset=\"https:\/\/shanthony.com\/wp-content\/uploads\/2026\/04\/CaseStudy_PBP.png 1000w\" sizes=\"(max-width: 1000px) 100vw, 1000px\" class=\"wp-image-2796\" \/><\/span><\/a><\/div>\n<\/div>\n<\/div>\n\n<div class=\"et_pb_row_5 et_pb_row et_pb_row_nested et_flex_row\">\n<div class=\"et_pb_column_12 et_pb_column et_flex_column et_pb_css_mix_blend_mode_passthrough et_flex_column_12_24 et_flex_column_12_24_tablet et_flex_column_24_24_phone\">\n<div class=\"et_pb_image_9 et_pb_image et_pb_module et_flex_module preset--module--divi-image--bswi0sqelq\"><a href=\"https:\/\/shanthony.com\/fr\/project\/local-progress\/\"><span class=\"et_pb_image_wrap\"><img loading=\"lazy\" decoding=\"async\" src=\"https:\/\/shanthony.com\/wp-content\/uploads\/2026\/04\/CaseStudy_Resouce-Generation.png\" title=\"CaseStudy_Resouce Generation\" width=\"1000\" height=\"1350\" srcset=\"https:\/\/shanthony.com\/wp-content\/uploads\/2026\/04\/CaseStudy_Resouce-Generation.png 1000w\" sizes=\"(max-width: 1000px) 100vw, 1000px\" class=\"wp-image-2795\" \/><\/span><\/a><\/div>\n<\/div>\n\n<div class=\"et_pb_column_13 et_pb_column et_flex_column et_pb_css_mix_blend_mode_passthrough et_flex_column_12_24 et_flex_column_12_24_tablet et_flex_column_24_24_phone\">\n<div class=\"et_pb_image_10 et_pb_image et_pb_module et_flex_module preset--module--divi-image--bswi0sqelq\"><a href=\"https:\/\/shanthony.com\/fr\/project\/resource-generation\/\"><span class=\"et_pb_image_wrap\"><img loading=\"lazy\" decoding=\"async\" src=\"https:\/\/shanthony.com\/wp-content\/uploads\/2026\/04\/CaseStudy_Light-and-Seed-.png\" title=\"CaseStudy_Light and Seed\" width=\"1000\" height=\"1350\" srcset=\"https:\/\/shanthony.com\/wp-content\/uploads\/2026\/04\/CaseStudy_Light-and-Seed-.png 1000w\" sizes=\"(max-width: 1000px) 100vw, 1000px\" class=\"wp-image-2798\" \/><\/span><\/a><\/div>\n<\/div>\n\n<div class=\"et_pb_column_14 et_pb_column et-last-child et_flex_column et_pb_css_mix_blend_mode_passthrough et_flex_column_12_24 et_flex_column_12_24_tablet et_flex_column_24_24_phone\">\n<div class=\"et_pb_image_11 et_pb_image et_pb_module et_flex_module preset--module--divi-image--bswi0sqelq\"><a href=\"https:\/\/shanthony.com\/fr\/project\/ucla-lppi\/\"><span class=\"et_pb_image_wrap\"><img loading=\"lazy\" decoding=\"async\" src=\"https:\/\/shanthony.com\/wp-content\/uploads\/2026\/04\/CaseStudy_LPPI.png\" title=\"CaseStudy_LPPI\" width=\"1000\" height=\"1350\" srcset=\"https:\/\/shanthony.com\/wp-content\/uploads\/2026\/04\/CaseStudy_LPPI.png 1000w\" sizes=\"(max-width: 1000px) 100vw, 1000px\" class=\"wp-image-2799\" \/><\/span><\/a><\/div>\n<\/div>\n<\/div>\n<\/div>\n<\/div>\n<\/div>\n\n<div class=\"et_pb_row_6 et_pb_row et_flex_row\">\n<div class=\"et_pb_column_15 et_pb_column et-last-child et_flex_column et_pb_css_mix_blend_mode_passthrough et_flex_column_24_24 et_flex_column_24_24_tablet et_flex_column_24_24_phone\">\n<div class=\"et_pb_text_4 et_pb_text et_pb_bg_layout_light et_pb_module et_flex_module preset--module--divi-text--xx5it7z9k9\"><div class=\"et_pb_text_inner\"><h2>Disciplines<\/h2>\n<\/div><\/div>\n\n<div class=\"et_pb_group_1 et_pb_group et-last-child et_pb_module et_flex_group et_pb_css_mix_blend_mode_passthrough\">\n<div class=\"et_pb_module et_pb_button_module_wrapper et_pb_button_0_wrapper preset--module--divi-button--zgggxbt5bk_wrapper\"><a class=\"et_pb_button_0 et_pb_button et_pb_bg_layout_light et_pb_module et_flex_module preset--module--divi-button--zgggxbt5bk\" href=\"https:\/\/shanthony.com\/fr\/project\/logos-branding\/\">Strat\u00e9gie de marque<\/a><\/div>\n\n<div class=\"et_pb_module et_pb_button_module_wrapper et_pb_button_1_wrapper preset--module--divi-button--zgggxbt5bk_wrapper\"><a class=\"et_pb_button_1 et_pb_button et_pb_bg_layout_light et_pb_module et_flex_module preset--module--divi-button--zgggxbt5bk\" href=\"https:\/\/shanthony.com\/fr\/project\/print\/\">Conception Graphique<\/a><\/div>\n\n<div class=\"et_pb_module et_pb_button_module_wrapper et_pb_button_2_wrapper preset--module--divi-button--zgggxbt5bk_wrapper\"><a class=\"et_pb_button_2 et_pb_button et_pb_bg_layout_light et_pb_module et_flex_module preset--module--divi-button--zgggxbt5bk\" href=\"https:\/\/shanthony.com\/fr\/project\/digital\/\">Num\u00e9rique<\/a><\/div>\n\n<div class=\"et_pb_module et_pb_button_module_wrapper et_pb_button_3_wrapper preset--module--divi-button--zgggxbt5bk_wrapper\"><a class=\"et_pb_button_3 et_pb_button et_pb_bg_layout_light et_pb_module et_flex_module preset--module--divi-button--zgggxbt5bk\" href=\"https:\/\/shanthony.com\/fr\/project\/illustration\/\">Illustration<\/a><\/div>\n\n<div class=\"et_pb_module et_pb_button_module_wrapper et_pb_button_4_wrapper preset--module--divi-button--zgggxbt5bk_wrapper\"><a class=\"et_pb_button_4 et_pb_button et_pb_bg_layout_light et_pb_module et_flex_module preset--module--divi-button--zgggxbt5bk\" href=\"https:\/\/shanthony.com\/fr\/project\/video-direction\/\">Vid\u00e9o<\/a><\/div>\n\n<div class=\"et_pb_module et_pb_button_module_wrapper et_pb_button_5_wrapper preset--module--divi-button--zgggxbt5bk_wrapper\"><a class=\"et_pb_button_5 et_pb_button et_pb_bg_layout_light et_pb_module et_flex_module preset--module--divi-button--zgggxbt5bk\" href=\"https:\/\/shanthony.com\/fr\/project\/art-art-direction\/\">Art et Direction Artistique<\/a><\/div>\n<\/div>\n<\/div>\n<\/div>\n<\/div>\n\n<div class=\"et_pb_section_2 et_pb_section et_section_regular et_flex_section\" id=\"contact\">\n<div class=\"et_pb_row_7 et_pb_row et_flex_row\">\n<div class=\"et_pb_column_16 et_pb_column et-last-child et_flex_column et_pb_css_mix_blend_mode_passthrough et_flex_column_24_24 et_flex_column_24_24_tablet et_flex_column_24_24_phone\">\n<div class=\"et_pb_text_5 et_pb_text et_pb_bg_layout_light et_pb_module et_flex_module preset--module--divi-text--xx5it7z9k9\"><div class=\"et_pb_text_inner\"><h2>Contactez-moi<\/h2>\n<p>J'adorerais collaborer avec vous! <a href=\"mailto:hello@Shanthony.com\">Envoyez-moi un e-mail,<\/a>, <a href=\"https:\/\/calendar.google.com\/calendar\/u\/0\/appointments\/AcZssZ3L5kXTRfnIc9qUpVBXzZrB10-OYpUNN1OQIcI=\" target=\"_blank\" rel=\"noopener\">fixez-vous un rendez-vous<\/a> ou utilisez le formulaire ci-dessous pour commencer.<span class=\"s1\"><\/span><\/p>\n<\/div><\/div>\n\n<div class=\"et_pb_contact_form_0 et_pb_contact_form_container clearfix et_pb_module et_flex_module\" data-form_unique_num=\"0\" data-form_unique_id=\"bf90f483-e4e3-4516-a82c-ba4a772a54b8\" id=\"et_pb_contact_form_bf90f483-e4e3-4516-a82c-ba4a772a54b8\"><div class=\"et-pb-contact-message\"><\/div><div class=\"et_pb_contact\"><form class=\"et_pb_contact_form et_flex_module\" method=\"post\" action=\"https:\/\/shanthony.com\/fr\/wp-json\/wp\/v2\/pages\/2765\" data-trp-original-action=\"https:\/\/shanthony.com\/fr\/wp-json\/wp\/v2\/pages\/2765\">\n<div class=\"et_pb_contact_field_0 et_pb_contact_field et_pb_module et_flex_module et_flex_column_12_24 et_flex_column_12_24_tablet et_flex_column_12_24_phone\" data-id=\"name\" data-type=\"input\"><label class=\"et_pb_contact_form_label\" for=\"et_pb_contact_0_name_0\">Courriel<\/label><input type=\"text\" name=\"et_pb_contact_0_name_0\" id=\"et_pb_contact_0_name_0\" class=\"input\" data-required_mark=\"required\" data-field_type=\"input\" data-original_id=\"name\" placeholder=\"Courriel\" title=\"\" value=\"\" \/><\/div>\n\n<div class=\"et_pb_contact_field_1 et_pb_contact_field et_pb_module et_flex_module et_flex_column_12_24 et_flex_column_12_24_tablet et_flex_column_12_24_phone\" data-id=\"email\" data-type=\"email\"><label class=\"et_pb_contact_form_label\" for=\"et_pb_contact_0_email_1\">Email Address<\/label><input type=\"text\" name=\"et_pb_contact_0_email_1\" id=\"et_pb_contact_0_email_1\" class=\"input\" data-required_mark=\"required\" data-field_type=\"email\" data-original_id=\"email\" placeholder=\"Email Address\" title=\"\" value=\"\" \/><\/div>\n\n<div class=\"et_pb_contact_field_2 et_pb_contact_field et_pb_module et_flex_module et_flex_column_24_24 et_flex_column_24_24_tablet et_flex_column_24_24_phone\" data-id=\"message\" data-type=\"text\"><label class=\"et_pb_contact_form_label\" for=\"et_pb_contact_0_message_2\">Message<\/label><textarea name=\"et_pb_contact_0_message_2\" id=\"et_pb_contact_0_message_2\" class=\"et_pb_contact_message input\" data-required_mark=\"required\" data-field_type=\"text\" data-original_id=\"message\" placeholder=\"Message\"><\/textarea><\/div>\n<input type=\"hidden\" name=\"et_pb_contactform_submit_bf90f483-e4e3-4516-a82c-ba4a772a54b8\" value=\"et_contact_proccess\" \/><div class=\"et_contact_bottom_container\"><div class=\"et_pb_contact_right et_pb_contact_field\"><p class=\"clearfix\"><span class=\"et_pb_contact_captcha_question\">6 + 7<\/span> = <input type=\"text\" size=\"2\" class=\"input et_pb_contact_captcha\" data-first_digit=\"6\" data-second_digit=\"7\" data-required_mark=\"required\" name=\"et_pb_contact_captcha_bf90f483-e4e3-4516-a82c-ba4a772a54b8\" autocomplete=\"off\" \/><\/p><\/div><div class=\"et_pb_button_wrapper\"><button type=\"submit\" name=\"et_builder_submit_button\" class=\"et_pb_button et_pb_contact_submit\">Envoyer<\/button><\/div><\/div><input type=\"hidden\" id=\"_wpnonce-et-pb-contact-form-submitted-bf90f483-e4e3-4516-a82c-ba4a772a54b8\" name=\"_wpnonce-et-pb-contact-form-submitted-bf90f483-e4e3-4516-a82c-ba4a772a54b8\" value=\"d7734f881b\" \/><input type=\"hidden\" name=\"_wp_http_referer\" value=\"\/fr\/wp-json\/wp\/v2\/pages\/2765\" \/><input type=\"hidden\" name=\"trp-form-language\" value=\"fr\"\/><\/form><\/div><\/div>\n<\/div>\n<\/div>\n<\/div>","protected":false},"excerpt":{"rendered":"","protected":false},"author":1,"featured_media":0,"parent":0,"menu_order":0,"comment_status":"closed","ping_status":"closed","template":"","meta":{"footnotes":""},"class_list":["post-2765","page","type-page","status-publish","hentry"],"_links":{"self":[{"href":"https:\/\/shanthony.com\/fr\/wp-json\/wp\/v2\/pages\/2765","targetHints":{"allow":["GET"]}}],"collection":[{"href":"https:\/\/shanthony.com\/fr\/wp-json\/wp\/v2\/pages"}],"about":[{"href":"https:\/\/shanthony.com\/fr\/wp-json\/wp\/v2\/types\/page"}],"author":[{"embeddable":true,"href":"https:\/\/shanthony.com\/fr\/wp-json\/wp\/v2\/users\/1"}],"replies":[{"embeddable":true,"href":"https:\/\/shanthony.com\/fr\/wp-json\/wp\/v2\/comments?post=2765"}],"version-history":[{"count":37,"href":"https:\/\/shanthony.com\/fr\/wp-json\/wp\/v2\/pages\/2765\/revisions"}],"predecessor-version":[{"id":3479,"href":"https:\/\/shanthony.com\/fr\/wp-json\/wp\/v2\/pages\/2765\/revisions\/3479"}],"wp:attachment":[{"href":"https:\/\/shanthony.com\/fr\/wp-json\/wp\/v2\/media?parent=2765"}],"curies":[{"name":"wp","href":"https:\/\/api.w.org\/{rel}","templated":true}]}}